{"id":65,"date":"2023-01-19T18:15:09","date_gmt":"2023-01-19T18:15:09","guid":{"rendered":"https:\/\/rokmusic.ch\/?page_id=65"},"modified":"2023-03-09T16:29:26","modified_gmt":"2023-03-09T16:29:26","slug":"yes-we-can","status":"publish","type":"page","link":"https:\/\/rokmusic.ch\/de\/yes-we-can\/","title":{"rendered":"YES WE CAN"},"content":{"rendered":"\t\t<div data-elementor-type=\"wp-page\" data-elementor-id=\"65\" class=\"elementor elementor-65\">\n\t\t\t\t\t\t\t\t\t<section class=\"elementor-section elementor-top-section elementor-element elementor-element-3153fc91 elementor-reverse-mobile elementor-section-boxed elementor-section-height-default elementor-section-height-default\" data-id=\"3153fc91\" data-element_type=\"section\">\n\t\t\t\t\t\t<div class=\"elementor-container elementor-column-gap-default\">\n\t\t\t\t\t<div class=\"elementor-column elementor-col-50 elementor-top-column elementor-element elementor-element-67a22b\" data-id=\"67a22b\" data-element_type=\"column\">\n\t\t\t<div class=\"elementor-widget-wrap elementor-element-populated\">\n\t\t\t\t\t\t\t\t<div class=\"elementor-element elementor-element-3353442 elementor-widget elementor-widget-heading\" data-id=\"3353442\" data-element_type=\"widget\" data-widget_type=\"heading.default\">\n\t\t\t\t<div class=\"elementor-widget-container\">\n\t\t\t<style>\/*! elementor - v3.11.3 - 07-03-2023 *\/\n.elementor-heading-title{padding:0;margin:0;line-height:1}.elementor-widget-heading .elementor-heading-title[class*=elementor-size-]>a{color:inherit;font-size:inherit;line-height:inherit}.elementor-widget-heading .elementor-heading-title.elementor-size-small{font-size:15px}.elementor-widget-heading .elementor-heading-title.elementor-size-medium{font-size:19px}.elementor-widget-heading .elementor-heading-title.elementor-size-large{font-size:29px}.elementor-widget-heading .elementor-heading-title.elementor-size-xl{font-size:39px}.elementor-widget-heading .elementor-heading-title.elementor-size-xxl{font-size:59px}<\/style><h2 class=\"elementor-heading-title elementor-size-default\">YES WE CAN<\/h2>\t\t<\/div>\n\t\t\t\t<\/div>\n\t\t\t\t<div class=\"elementor-element elementor-element-364f3486 elementor-widget elementor-widget-text-editor\" data-id=\"364f3486\" data-element_type=\"widget\" data-widget_type=\"text-editor.default\">\n\t\t\t\t<div class=\"elementor-widget-container\">\n\t\t\t<style>\/*! elementor - v3.11.3 - 07-03-2023 *\/\n.elementor-widget-text-editor.elementor-drop-cap-view-stacked .elementor-drop-cap{background-color:#818a91;color:#fff}.elementor-widget-text-editor.elementor-drop-cap-view-framed .elementor-drop-cap{color:#818a91;border:3px solid;background-color:transparent}.elementor-widget-text-editor:not(.elementor-drop-cap-view-default) .elementor-drop-cap{margin-top:8px}.elementor-widget-text-editor:not(.elementor-drop-cap-view-default) .elementor-drop-cap-letter{width:1em;height:1em}.elementor-widget-text-editor .elementor-drop-cap{float:left;text-align:center;line-height:1;font-size:50px}.elementor-widget-text-editor .elementor-drop-cap-letter{display:inline-block}<\/style>\t\t\t\t<p>Was wir f\u00fcr dich tun &#8230;<\/p>\n<p><strong>Einzelinterpreten<\/strong><br>Hast du eigene Songs, die du als Demo oder professionell produzieren&nbsp;m\u00f6chtest?<\/p>\n<p>W\u00fcnschst du dir Hit-verd\u00e4chtige Melodien und Arrangements zu deinen&nbsp;Texten?<\/p>\n<p>Suchst du professionelle eing\u00e4ngige Songs, die auf deine Stimme zugeschnitten&nbsp;sind?<\/p>\n<p>Wir helfen dir, deine musikalischen Tr\u00e4ume zu realisieren.<\/p>\n<p><b>Band<\/b>&nbsp;<br>Ihr sucht eing\u00e4ngige Songs, um euer Repertoire zu erweitern?<\/p>\n<p>Ihr habt eigene Songs, aber es fehlt der letzte z\u00fcndende Funke?<\/p>\n<p>Reden wir miteinander!<\/p>\n<p><b>Stimmenfang &#8230;<br><\/b>Wir sind immer auf der Suche nach speziellen Stimmen mit Wiedererkennungswert.<\/p>\n<p>Schick uns ein Demo oder kontaktiere unseren Talentscout direkt via <a href=\"mailto:blue@rokmusic.ch\">blue@rokmusic.ch<\/a> und&nbsp;vielleicht ist das der Beginn deiner grossen musikalischen Reise!<\/p>\t\t\t\t\t\t<\/div>\n\t\t\t\t<\/div>\n\t\t\t\t<section class=\"elementor-section elementor-inner-section elementor-element elementor-element-5847d125 elementor-section-boxed elementor-section-height-default elementor-section-height-default\" data-id=\"5847d125\" data-element_type=\"section\">\n\t\t\t\t\t\t<div class=\"elementor-container elementor-column-gap-default\">\n\t\t\t\t\t<div class=\"elementor-column elementor-col-50 elementor-inner-column elementor-element elementor-element-5fc5263b\" data-id=\"5fc5263b\" data-element_type=\"column\">\n\t\t\t<div class=\"elementor-widget-wrap elementor-element-populated\">\n\t\t\t\t\t\t\t\t<div class=\"elementor-element elementor-element-28351d4d elementor-widget elementor-widget-image\" data-id=\"28351d4d\" data-element_type=\"widget\" data-widget_type=\"image.default\">\n\t\t\t\t<div class=\"elementor-widget-container\">\n\t\t\t<style>\/*! elementor - v3.11.3 - 07-03-2023 *\/\n.elementor-widget-image{text-align:center}.elementor-widget-image a{display:inline-block}.elementor-widget-image a img[src$=\".svg\"]{width:48px}.elementor-widget-image img{vertical-align:middle;display:inline-block}<\/style>\t\t\t\t\t\t\t\t\t\t\t\t<img loading=\"lazy\" decoding=\"async\" width=\"500\" height=\"500\" src=\"https:\/\/rokmusic.ch\/wp-content\/uploads\/2023\/01\/logo_rgb.webp\" class=\"attachment-large size-large wp-image-50\" alt=\"\" srcset=\"https:\/\/rokmusic.ch\/wp-content\/uploads\/2023\/01\/logo_rgb.webp 500w, https:\/\/rokmusic.ch\/wp-content\/uploads\/2023\/01\/logo_rgb-300x300.webp 300w, https:\/\/rokmusic.ch\/wp-content\/uploads\/2023\/01\/logo_rgb-150x150.webp 150w\" sizes=\"auto, (max-width: 500px) 100vw, 500px\" \/>\t\t\t\t\t\t\t\t\t\t\t\t\t\t\t<\/div>\n\t\t\t\t<\/div>\n\t\t\t\t\t<\/div>\n\t\t<\/div>\n\t\t\t\t<div class=\"elementor-column elementor-col-50 elementor-inner-column elementor-element elementor-element-52c432bc\" data-id=\"52c432bc\" data-element_type=\"column\">\n\t\t\t<div class=\"elementor-widget-wrap elementor-element-populated\">\n\t\t\t\t\t\t\t\t<div class=\"elementor-element elementor-element-7fea7ddd elementor-widget elementor-widget-text-editor\" data-id=\"7fea7ddd\" data-element_type=\"widget\" data-widget_type=\"text-editor.default\">\n\t\t\t\t<div class=\"elementor-widget-container\">\n\t\t\t\t\t\t\tWir tragen das ganze finanzielle Risiko, wenn du uns \u00fcberzeugst.\t\t\t\t\t\t<\/div>\n\t\t\t\t<\/div>\n\t\t\t\t\t<\/div>\n\t\t<\/div>\n\t\t\t\t\t\t\t<\/div>\n\t\t<\/section>\n\t\t\t\t\t<\/div>\n\t\t<\/div>\n\t\t\t\t<div class=\"elementor-column elementor-col-50 elementor-top-column elementor-element elementor-element-645d51bf\" data-id=\"645d51bf\" data-element_type=\"column\">\n\t\t\t<div class=\"elementor-widget-wrap elementor-element-populated\">\n\t\t\t\t\t\t\t\t<div class=\"elementor-element elementor-element-11d9dfdc elementor-widget elementor-widget-image\" data-id=\"11d9dfdc\" data-element_type=\"widget\" data-widget_type=\"image.default\">\n\t\t\t\t<div class=\"elementor-widget-container\">\n\t\t\t\t\t\t\t\t\t\t\t\t\t\t\t<img loading=\"lazy\" decoding=\"async\" width=\"600\" height=\"1001\" src=\"https:\/\/rokmusic.ch\/wp-content\/uploads\/2023\/01\/remo-kocher.webp\" class=\"attachment-large size-large wp-image-26\" alt=\"\" srcset=\"https:\/\/rokmusic.ch\/wp-content\/uploads\/2023\/01\/remo-kocher.webp 600w, https:\/\/rokmusic.ch\/wp-content\/uploads\/2023\/01\/remo-kocher-180x300.webp 180w\" sizes=\"auto, (max-width: 600px) 100vw, 600px\" \/>\t\t\t\t\t\t\t\t\t\t\t\t\t\t\t<\/div>\n\t\t\t\t<\/div>\n\t\t\t\t\t<\/div>\n\t\t<\/div>\n\t\t\t\t\t\t\t<\/div>\n\t\t<\/section>\n\t\t\t\t\t\t\t<\/div>\n\t\t","protected":false},"excerpt":{"rendered":"<p>YES WE CAN Was wir f\u00fcr dich tun &#8230; EinzelinterpretenHast du eigene Songs, die du als Demo oder professionell produzieren&nbsp;m\u00f6chtest? W\u00fcnschst du dir Hit-verd\u00e4chtige Melodien und Arrangements zu deinen&nbsp;Texten? Suchst du professionelle eing\u00e4ngige Songs, die auf deine Stimme zugeschnitten&nbsp;sind? Wir helfen dir, deine musikalischen Tr\u00e4ume zu realisieren. Band&nbsp;Ihr sucht eing\u00e4ngige Songs, um euer Repertoire zu [&hellip;]<\/p>\n","protected":false},"author":1,"featured_media":0,"parent":0,"menu_order":0,"comment_status":"closed","ping_status":"closed","template":"","meta":{"footnotes":""},"class_list":["post-65","page","type-page","status-publish","hentry"],"_links":{"self":[{"href":"https:\/\/rokmusic.ch\/de\/wp-json\/wp\/v2\/pages\/65","targetHints":{"allow":["GET"]}}],"collection":[{"href":"https:\/\/rokmusic.ch\/de\/wp-json\/wp\/v2\/pages"}],"about":[{"href":"https:\/\/rokmusic.ch\/de\/wp-json\/wp\/v2\/types\/page"}],"author":[{"embeddable":true,"href":"https:\/\/rokmusic.ch\/de\/wp-json\/wp\/v2\/users\/1"}],"replies":[{"embeddable":true,"href":"https:\/\/rokmusic.ch\/de\/wp-json\/wp\/v2\/comments?post=65"}],"version-history":[{"count":28,"href":"https:\/\/rokmusic.ch\/de\/wp-json\/wp\/v2\/pages\/65\/revisions"}],"predecessor-version":[{"id":189,"href":"https:\/\/rokmusic.ch\/de\/wp-json\/wp\/v2\/pages\/65\/revisions\/189"}],"wp:attachment":[{"href":"https:\/\/rokmusic.ch\/de\/wp-json\/wp\/v2\/media?parent=65"}],"curies":[{"name":"wp","href":"https:\/\/api.w.org\/{rel}","templated":true}]}}